{"id":3446,"date":"2023-05-04T08:39:36","date_gmt":"2023-05-04T08:39:36","guid":{"rendered":"https:\/\/sdac.tech\/?page_id=3446"},"modified":"2023-05-05T11:47:37","modified_gmt":"2023-05-05T11:47:37","slug":"tests-moritz-mock-up_gefahrenerkennung-2343","status":"publish","type":"page","link":"https:\/\/sdac.tech\/en\/mock-up_menu\/tests-moritz-mock-up_gefahrenerkennung-2343\/","title":{"rendered":"(Tests Moritz) Mock-Up_Gefahrenerkennung &#8211; [#2343]"},"content":{"rendered":"<div data-elementor-type=\"wp-page\" data-elementor-id=\"3446\" class=\"elementor elementor-3446\">\n\t\t\t\t\t\t<section class=\"elementor-section elementor-top-section elementor-element elementor-element-462c896 elementor-section-boxed elementor-section-height-default elementor-section-height-default\" data-id=\"462c896\" data-element_type=\"section\" data-settings=\"{&quot;background_background&quot;:&quot;classic&quot;}\">\n\t\t\t\t\t\t<div class=\"elementor-container elementor-column-gap-default\">\n\t\t\t\t\t<div class=\"elementor-column elementor-col-50 elementor-top-column elementor-element elementor-element-10d939f\" data-id=\"10d939f\" data-element_type=\"column\">\n\t\t\t<div class=\"elementor-widget-wrap elementor-element-populated\">\n\t\t\t\t\t\t<div class=\"elementor-element elementor-element-4e04623 elementor-widget elementor-widget-image\" data-id=\"4e04623\" data-element_type=\"widget\" data-widget_type=\"image.default\">\n\t\t\t\t<div class=\"elementor-widget-container\">\n\t\t\t\t\t\t\t\t\t\t\t\t\t\t\t<img fetchpriority=\"high\" decoding=\"async\" width=\"1024\" height=\"393\" src=\"https:\/\/i0.wp.com\/sdac.tech\/wp-content\/uploads\/2020\/04\/MEDIA_190415_Logo_SDaC.png?fit=1024%2C393&amp;ssl=1\" class=\"attachment-large size-large wp-image-170\" alt=\"\" srcset=\"https:\/\/i0.wp.com\/sdac.tech\/wp-content\/uploads\/2020\/04\/MEDIA_190415_Logo_SDaC.png?w=3982&amp;ssl=1 3982w, https:\/\/i0.wp.com\/sdac.tech\/wp-content\/uploads\/2020\/04\/MEDIA_190415_Logo_SDaC.png?w=2400&amp;ssl=1 2400w, https:\/\/i0.wp.com\/sdac.tech\/wp-content\/uploads\/2020\/04\/MEDIA_190415_Logo_SDaC.png?w=3600&amp;ssl=1 3600w\" sizes=\"(max-width: 1024px) 100vw, 1024px\" \/>\t\t\t\t\t\t\t\t\t\t\t\t\t\t\t<\/div>\n\t\t\t\t<\/div>\n\t\t\t\t\t<\/div>\n\t\t<\/div>\n\t\t\t\t<div class=\"elementor-column elementor-col-50 elementor-top-column elementor-element elementor-element-389ec2c\" data-id=\"389ec2c\" data-element_type=\"column\">\n\t\t\t<div class=\"elementor-widget-wrap\">\n\t\t\t\t\t\t\t<\/div>\n\t\t<\/div>\n\t\t\t\t\t<\/div>\n\t\t<\/section>\n\t\t\t\t<section class=\"elementor-section elementor-top-section elementor-element elementor-element-296f828 elementor-section-height-full elementor-section-boxed elementor-section-height-default elementor-section-items-middle\" data-id=\"296f828\" data-element_type=\"section\" data-settings=\"{&quot;background_background&quot;:&quot;video&quot;,&quot;background_video_link&quot;:&quot;https:\\\/\\\/www.youtube.com\\\/watch?v=qvm_IQdnFH8&quot;,&quot;background_video_start&quot;:110,&quot;background_video_end&quot;:180,&quot;shape_divider_bottom&quot;:&quot;drops&quot;,&quot;shape_divider_bottom_negative&quot;:&quot;yes&quot;}\">\n\t\t\t\t\t\t\t\t<div class=\"elementor-background-video-container elementor-hidden-mobile\">\n\t\t\t\t\t\t\t\t\t\t\t\t\t<div class=\"elementor-background-video-embed\"><\/div>\n\t\t\t\t\t\t\t\t\t\t\t\t<\/div>\n\t\t\t\t\t\t\t\t\t<div class=\"elementor-background-overlay\"><\/div>\n\t\t\t\t\t\t<div class=\"elementor-shape elementor-shape-bottom\" aria-hidden=\"true\" data-negative=\"true\">\n\t\t\t<svg xmlns=\"http:\/\/www.w3.org\/2000\/svg\" height=\"100%\" viewbox=\"0 0 283.5 27.8\" preserveaspectratio=\"xMidYMax slice\">\n\t<path class=\"elementor-shape-fill\" d=\"M282.7 3.4c-2 3.8-2.2 6.6-1.8 10.8.3 3.3 2 8.5.4 11.6-1.4 2.6-4 2.5-5-.2-1.2-3.4.3-7.6.5-11.1.3-4.3-2.9-6.9-7.4-5.8-3.1.7-4.1 3.3-4.3 6.2-.2 2 1.2 8-.1 9.6-3.1 4.3-2.5-4.5-2.5-5.2.1-4-.1-9.6-4.1-11.6-4.5-2.3-6.1 1-5.5 5 .2 1.4 1.5 10.2-2.7 6.9-2.5-1.9.4-7.5-.9-10.3-.8-1.8-2.6-4.2-4.8-4.1-2.4.1-2.7 2.2-4 3.7-3.3 3.8-2.2-1.2-4.8-2.7-5.5-3.1-2 5.6-2.9 7.3-1.4 2.4-3.1.6-3.3-1.3-.1-1.5.5-3.1.4-4.6-.3-4.3-2.9-5.3-5.2-1.2-3.7 6.7-2.8-1.9-6.5-.4-3 1.1-.9 9.2-.6 11.1.7 4.1-2.2 5.2-2.7.8-.4-3.6 2.8-10.2.8-13.4-2.1-3.3-6.7-.1-7.9 2.4-2.1 4.2-.4 8.7 0 13.1.2 2-.8 8.9-3.8 4.8-3.1-4.3 2.5-11.6.2-16.3-1.1-2.2-5.8-3.5-7.2-1-.8 1.4 1 3.4.3 4.8s-2.2 1.2-2.8-.3c-.8-2.1 2.2-4.8-.1-6.5-1.3-.9-3.5.3-4.9.5-2.4-.1-3.3 0-4.5 2-.7 1.2-.4 3-2.3 2.1-1.9-.8-1.7-4.3-4.1-4.9-2.1-.6-4 1.3-5.1 2.9-.9 1.4-1.3 3-1.3 4.6 0 1.9 1.4 4.2.3 6-2.4 4.2-4.2-2.2-3.8-4.4.5-2.9 2-7.7-2.7-7.5-5.2.3-6.1 5.8-6.4 9.8-.1 1.3 1.5 10.4-2 8.4-1.8-1-.5-7.5-.6-9.1-.1-3.5-1.6-8.3-6.3-7.1-7.6 1.9 2.1 18.2-4.8 18.7-3.7.3-2.3-6.2-2-8.1.5-3.1.5-11.4-5.5-8.5-2.2 1.1-1 2.3-1.3 4.3-.2 1.8-1.3 3.2-2.3.8-1.1-2.5.8-6.7-3.9-6.6-8 .1-.7 16.4-4.8 15.8-2.8-.4-1-9.3-1.3-11.3-.6-3.5-3.5-7.8-7.8-6.9-4.4.9-1.4 6.5-1.4 9.1 0 3.1-3.4 5.9-4.4 1.7-.5-2.2.9-4.4.6-6.6-.3-1.9-1.5-4.1-3.2-5.2-5.3-3.4-4.9 5.2-8.1 4.5-1.4-.3-3-8.1-6.1-4.1-.7.9 2 10.3-2.2 8-2-1.1-.1-6.7-.7-8.9-1.8-6.2-4.7 2.3-6.1 3.1-2.9 1.7-4.6-6.2-6.3-.6-.5 1.7-.4 3.7-.2 5.4.2 1.6 1.5 4.6 1 6.1-.6 1.8-1.7 1.7-2.6.3-1-1.6-.4-4.5-.2-6.2.3-2.5 2.4-8.4-.2-10.3-3.1-2.1-6.8 2.1-7.7 4.5-1.5 4.3.3 8.7.5 13 .1 3.2-3 7.5-4.3 2.4-.6-2.4.2-5.1.6-7.4.4-2.3 1.2-6-.1-8.1-1.2-1.9-5.8-2.7-7-.5-.9 1.6 1.2 5.2-.6 5.6-2.4.6-2-2.3-1.8-3.4.3-1.5 1.1-3.2-.4-4.3-1.2-.9-4.7.3-5.9.5-2.4.5-2.5 1.4-3.6 3.3-1.2 2.1-1.4 1.7-3-.1-1.3-1.5-1.7-3.6-4-3.7-1.8-.1-3.4 1.7-4.2 3-1.4 2.2-1.3 4.1-1 6.5.2 1.4 1 3.8-.5 4.9-3.9 2.9-3.2-4.6-2.9-6.3.8-3.9-.4-8.1-5.4-5.6-3.8 1.9-4.1 6.7-4.1 10.5 0 1.6 1.2 5.8-.1 6.9-.8.7-1.8.3-2.4-.5-1.1-1.5.1-6.7 0-8.5-.1-3.5-.9-6.9-4.9-7.4-3.6-.6-6.7 1.2-6.8 4.9-.1 3.9 2 8.2.6 12-.9 2.4-2.9 2.9-4.6.9-2.4-2.8-.4-9 0-12.3.4-4.2.2-7-1.8-10.8C1.1 2.8.6 2.1 0 1.4v26.4h283.5V2.2c-.3.4-.6.8-.8 1.2z\"\/>\n<\/svg>\t\t<\/div>\n\t\t\t\t\t<div class=\"elementor-container elementor-column-gap-default\">\n\t\t\t\t\t<div class=\"elementor-column elementor-col-100 elementor-top-column elementor-element elementor-element-c10a377\" data-id=\"c10a377\" data-element_type=\"column\">\n\t\t\t<div class=\"elementor-widget-wrap elementor-element-populated\">\n\t\t\t\t\t\t<div class=\"elementor-element elementor-element-f6968c3 elementor-widget elementor-widget-heading\" data-id=\"f6968c3\" data-element_type=\"widget\" data-widget_type=\"heading.default\">\n\t\t\t\t<div class=\"elementor-widget-container\">\n\t\t\t\t\t<h2 class=\"elementor-heading-title elementor-size-default\">TEST TEST TEST TEST TEST<\/h2>\t\t\t\t<\/div>\n\t\t\t\t<\/div>\n\t\t\t\t<section class=\"elementor-section elementor-inner-section elementor-element elementor-element-954d5e9 elementor-section-boxed elementor-section-height-default elementor-section-height-default\" data-id=\"954d5e9\" data-element_type=\"section\">\n\t\t\t\t\t\t<div class=\"elementor-container elementor-column-gap-default\">\n\t\t\t\t\t<div class=\"elementor-column elementor-col-50 elementor-inner-column elementor-element elementor-element-2a51b20\" data-id=\"2a51b20\" data-element_type=\"column\">\n\t\t\t<div class=\"elementor-widget-wrap elementor-element-populated\">\n\t\t\t\t\t\t<div class=\"elementor-element elementor-element-50a56c1 elementor-align-center elementor-widget elementor-widget-button\" data-id=\"50a56c1\" data-element_type=\"widget\" data-widget_type=\"button.default\">\n\t\t\t\t<div class=\"elementor-widget-container\">\n\t\t\t\t\t\t\t\t\t<div class=\"elementor-button-wrapper\">\n\t\t\t\t\t<a class=\"elementor-button elementor-button-link elementor-size-md\" href=\"#mehr\" target=\"_blank\">\n\t\t\t\t\t\t<span class=\"elementor-button-content-wrapper\">\n\t\t\t\t\t\t<span class=\"elementor-button-icon\">\n\t\t\t\t<i aria-hidden=\"true\" class=\"fas fa-burn\"><\/i>\t\t\t<\/span>\n\t\t\t\t\t\t\t\t\t<span class=\"elementor-button-text\">Button<\/span>\n\t\t\t\t\t<\/span>\n\t\t\t\t\t<\/a>\n\t\t\t\t<\/div>\n\t\t\t\t\t\t\t\t<\/div>\n\t\t\t\t<\/div>\n\t\t\t\t\t<\/div>\n\t\t<\/div>\n\t\t\t\t<div class=\"elementor-column elementor-col-50 elementor-inner-column elementor-element elementor-element-e383e38\" data-id=\"e383e38\" data-element_type=\"column\">\n\t\t\t<div class=\"elementor-widget-wrap elementor-element-populated\">\n\t\t\t\t\t\t<div class=\"elementor-element elementor-element-d3f307a elementor-align-center elementor-widget elementor-widget-button\" data-id=\"d3f307a\" data-element_type=\"widget\" data-widget_type=\"button.default\">\n\t\t\t\t<div class=\"elementor-widget-container\">\n\t\t\t\t\t\t\t\t\t<div class=\"elementor-button-wrapper\">\n\t\t\t\t\t<a class=\"elementor-button elementor-button-link elementor-size-md\" href=\"#mehr\" target=\"_blank\">\n\t\t\t\t\t\t<span class=\"elementor-button-content-wrapper\">\n\t\t\t\t\t\t<span class=\"elementor-button-icon\">\n\t\t\t\t<i aria-hidden=\"true\" class=\"fas fa-burn\"><\/i>\t\t\t<\/span>\n\t\t\t\t\t\t\t\t\t<span class=\"elementor-button-text\">Button<\/span>\n\t\t\t\t\t<\/span>\n\t\t\t\t\t<\/a>\n\t\t\t\t<\/div>\n\t\t\t\t\t\t\t\t<\/div>\n\t\t\t\t<\/div>\n\t\t\t\t\t<\/div>\n\t\t<\/div>\n\t\t\t\t\t<\/div>\n\t\t<\/section>\n\t\t\t\t\t<\/div>\n\t\t<\/div>\n\t\t\t\t\t<\/div>\n\t\t<\/section>\n\t\t\t\t<section class=\"elementor-section elementor-top-section elementor-element elementor-element-406f44f elementor-section-height-min-height elementor-section-boxed elementor-section-height-default elementor-section-items-middle\" data-id=\"406f44f\" data-element_type=\"section\" id=\"mehr\">\n\t\t\t\t\t\t<div class=\"elementor-container elementor-column-gap-default\">\n\t\t\t\t\t<div class=\"elementor-column elementor-col-50 elementor-top-column elementor-element elementor-element-3504bf1\" data-id=\"3504bf1\" data-element_type=\"column\">\n\t\t\t<div class=\"elementor-widget-wrap elementor-element-populated\">\n\t\t\t\t\t\t<div class=\"elementor-element elementor-element-b5a3b60 elementor-invisible elementor-widget elementor-widget-image\" data-id=\"b5a3b60\" data-element_type=\"widget\" data-settings=\"{&quot;_animation&quot;:&quot;fadeInDown&quot;}\" data-widget_type=\"image.default\">\n\t\t\t\t<div class=\"elementor-widget-container\">\n\t\t\t\t\t\t\t\t\t\t\t\t\t\t\t<img decoding=\"async\" width=\"300\" height=\"240\" data-src=\"https:\/\/i0.wp.com\/sdac.tech\/wp-content\/uploads\/2023\/05\/cake-gal-4.jpg?fit=300%2C240&amp;ssl=1\" class=\"attachment-medium size-medium wp-image-3472 lazyload\" alt=\"\" data-srcset=\"https:\/\/i0.wp.com\/sdac.tech\/wp-content\/uploads\/2023\/05\/cake-gal-4.jpg?w=1000&amp;ssl=1 1000w, https:\/\/i0.wp.com\/sdac.tech\/wp-content\/uploads\/2023\/05\/cake-gal-4.jpg?resize=300%2C240&amp;ssl=1 300w, https:\/\/i0.wp.com\/sdac.tech\/wp-content\/uploads\/2023\/05\/cake-gal-4.jpg?resize=768%2C614&amp;ssl=1 768w, https:\/\/i0.wp.com\/sdac.tech\/wp-content\/uploads\/2023\/05\/cake-gal-4.jpg?resize=15%2C12&amp;ssl=1 15w\" data-sizes=\"(max-width: 300px) 100vw, 300px\" src=\"data:image\/gif;base64,R0lGODlhAQABAAAAACH5BAEKAAEALAAAAAABAAEAAAICTAEAOw==\" style=\"--smush-placeholder-width: 300px; --smush-placeholder-aspect-ratio: 300\/240;\" \/>\t\t\t\t\t\t\t\t\t\t\t\t\t\t\t<\/div>\n\t\t\t\t<\/div>\n\t\t\t\t\t<\/div>\n\t\t<\/div>\n\t\t\t\t<div class=\"elementor-column elementor-col-50 elementor-top-column elementor-element elementor-element-6d29263\" data-id=\"6d29263\" data-element_type=\"column\">\n\t\t\t<div class=\"elementor-widget-wrap elementor-element-populated\">\n\t\t\t\t\t\t<div class=\"elementor-element elementor-element-6bdc3fb elementor-tabs-view-horizontal elementor-widget elementor-widget-tabs\" data-id=\"6bdc3fb\" data-element_type=\"widget\" data-widget_type=\"tabs.default\">\n\t\t\t\t<div class=\"elementor-widget-container\">\n\t\t\t\t\t\t\t<div class=\"elementor-tabs\">\n\t\t\t<div class=\"elementor-tabs-wrapper\" role=\"tablist\" >\n\t\t\t\t\t\t\t\t\t<div id=\"elementor-tab-title-1131\" class=\"elementor-tab-title elementor-tab-desktop-title\" aria-selected=\"true\" data-tab=\"1\" role=\"tab\" tabindex=\"0\" aria-controls=\"elementor-tab-content-1131\" aria-expanded=\"false\">Tab #1<\/div>\n\t\t\t\t\t\t\t\t\t<div id=\"elementor-tab-title-1132\" class=\"elementor-tab-title elementor-tab-desktop-title\" aria-selected=\"false\" data-tab=\"2\" role=\"tab\" tabindex=\"-1\" aria-controls=\"elementor-tab-content-1132\" aria-expanded=\"false\">Tab #2<\/div>\n\t\t\t\t\t\t\t\t\t<div id=\"elementor-tab-title-1133\" class=\"elementor-tab-title elementor-tab-desktop-title\" aria-selected=\"false\" data-tab=\"3\" role=\"tab\" tabindex=\"-1\" aria-controls=\"elementor-tab-content-1133\" aria-expanded=\"false\">Tab-Titel<\/div>\n\t\t\t\t\t\t\t<\/div>\n\t\t\t<div class=\"elementor-tabs-content-wrapper\" role=\"tablist\" aria-orientation=\"vertical\">\n\t\t\t\t\t\t\t\t\t<div class=\"elementor-tab-title elementor-tab-mobile-title\" aria-selected=\"true\" data-tab=\"1\" role=\"tab\" tabindex=\"0\" aria-controls=\"elementor-tab-content-1131\" aria-expanded=\"false\">Tab #1<\/div>\n\t\t\t\t\t<div id=\"elementor-tab-content-1131\" class=\"elementor-tab-content elementor-clearfix\" data-tab=\"1\" role=\"tabpanel\" aria-labelledby=\"elementor-tab-title-1131\" tabindex=\"0\" hidden=\"false\">Lorem ipsum dolor sit amet, consectetur adipiscing elit. Ut elit tellus, luctus nec ullamcorper mattis, pulvinar dapibus leo.<\/div>\n\t\t\t\t\t\t\t\t\t<div class=\"elementor-tab-title elementor-tab-mobile-title\" aria-selected=\"false\" data-tab=\"2\" role=\"tab\" tabindex=\"-1\" aria-controls=\"elementor-tab-content-1132\" aria-expanded=\"false\">Tab #2<\/div>\n\t\t\t\t\t<div id=\"elementor-tab-content-1132\" class=\"elementor-tab-content elementor-clearfix\" data-tab=\"2\" role=\"tabpanel\" aria-labelledby=\"elementor-tab-title-1132\" tabindex=\"0\" hidden=\"hidden\">Lorem ipsum dolor sit amet, consectetur adipiscing elit. Ut elit tellus, luctus nec ullamcorper mattis, pulvinar dapibus leo.<\/div>\n\t\t\t\t\t\t\t\t\t<div class=\"elementor-tab-title elementor-tab-mobile-title\" aria-selected=\"false\" data-tab=\"3\" role=\"tab\" tabindex=\"-1\" aria-controls=\"elementor-tab-content-1133\" aria-expanded=\"false\">Tab-Titel<\/div>\n\t\t\t\t\t<div id=\"elementor-tab-content-1133\" class=\"elementor-tab-content elementor-clearfix\" data-tab=\"3\" role=\"tabpanel\" aria-labelledby=\"elementor-tab-title-1133\" tabindex=\"0\" hidden=\"hidden\">Tab Content<\/div>\n\t\t\t\t\t\t\t<\/div>\n\t\t<\/div>\n\t\t\t\t\t\t<\/div>\n\t\t\t\t<\/div>\n\t\t\t\t<div class=\"elementor-element elementor-element-db5c82e elementor-widget elementor-widget-progress\" data-id=\"db5c82e\" data-element_type=\"widget\" data-widget_type=\"progress.default\">\n\t\t\t\t<div class=\"elementor-widget-container\">\n\t\t\t\t\t\t\t\t<span class=\"elementor-title\" id=\"elementor-progress-bar-db5c82e\">\n\t\t\t\tMeine Fertigkeit\t\t\t<\/span>\n\t\t\n\t\t<div aria-labelledby=\"elementor-progress-bar-db5c82e\" class=\"elementor-progress-wrapper\" role=\"progressbar\" aria-valuemin=\"0\" aria-valuemax=\"100\" aria-valuenow=\"79\" aria-valuetext=\"79% (Webdesigner)\">\n\t\t\t<div class=\"elementor-progress-bar\" data-max=\"79\">\n\t\t\t\t<span class=\"elementor-progress-text\">Webdesigner<\/span>\n\t\t\t\t\t\t\t\t\t<span class=\"elementor-progress-percentage\">79%<\/span>\n\t\t\t\t\t\t\t<\/div>\n\t\t<\/div>\n\t\t\t\t\t\t<\/div>\n\t\t\t\t<\/div>\n\t\t\t\t\t<\/div>\n\t\t<\/div>\n\t\t\t\t\t<\/div>\n\t\t<\/section>\n\t\t\t\t<\/div>","protected":false},"excerpt":{"rendered":"<p>Was ist SDaC Showroom Unsere Events Blog Ver\u00f6ffentlichungen Team Kontakt F\u00fcr Entwickler Setcard f\u00fcr Entwickler Setcard f\u00fcr L\u00f6sungen TEST TEST TEST TEST TEST Button Button Mai 5, 2023 Tab #1 Tab #2 Tab-Titel Tab #1 Lorem ipsum dolor sit amet, consectetur adipiscing elit. Ut elit tellus, luctus nec ullamcorper mattis, pulvinar dapibus leo. Tab #2 [&hellip;]<\/p>","protected":false},"author":4,"featured_media":0,"parent":2332,"menu_order":0,"comment_status":"open","ping_status":"closed","template":"","meta":{"_acf_changed":false,"ocean_post_layout":"full-screen","ocean_both_sidebars_style":"","ocean_both_sidebars_content_width":0,"ocean_both_sidebars_sidebars_width":0,"ocean_sidebar":"0","ocean_second_sidebar":"0","ocean_disable_margins":"enable","ocean_add_body_class":"","ocean_shortcode_before_top_bar":"","ocean_shortcode_after_top_bar":"","ocean_shortcode_before_header":"","ocean_shortcode_after_header":"","ocean_has_shortcode":"","ocean_shortcode_after_title":"","ocean_shortcode_before_footer_widgets":"","ocean_shortcode_after_footer_widgets":"","ocean_shortcode_before_footer_bottom":"","ocean_shortcode_after_footer_bottom":"","ocean_display_top_bar":"off","ocean_display_header":"default","ocean_header_style":"","ocean_center_header_left_menu":"0","ocean_custom_header_template":"0","ocean_custom_logo":0,"ocean_custom_retina_logo":0,"ocean_custom_logo_max_width":0,"ocean_custom_logo_tablet_max_width":0,"ocean_custom_logo_mobile_max_width":0,"ocean_custom_logo_max_height":0,"ocean_custom_logo_tablet_max_height":0,"ocean_custom_logo_mobile_max_height":0,"ocean_header_custom_menu":"0","ocean_menu_typo_font_family":"0","ocean_menu_typo_font_subset":"","ocean_menu_typo_font_size":0,"ocean_menu_typo_font_size_tablet":0,"ocean_menu_typo_font_size_mobile":0,"ocean_menu_typo_font_size_unit":"px","ocean_menu_typo_font_weight":"","ocean_menu_typo_font_weight_tablet":"","ocean_menu_typo_font_weight_mobile":"","ocean_menu_typo_transform":"","ocean_menu_typo_transform_tablet":"","ocean_menu_typo_transform_mobile":"","ocean_menu_typo_line_height":0,"ocean_menu_typo_line_height_tablet":0,"ocean_menu_typo_line_height_mobile":0,"ocean_menu_typo_line_height_unit":"","ocean_menu_typo_spacing":0,"ocean_menu_typo_spacing_tablet":0,"ocean_menu_typo_spacing_mobile":0,"ocean_menu_typo_spacing_unit":"","ocean_menu_link_color":"","ocean_menu_link_color_hover":"","ocean_menu_link_color_active":"","ocean_menu_link_background":"","ocean_menu_link_hover_background":"","ocean_menu_link_active_background":"","ocean_menu_social_links_bg":"","ocean_menu_social_hover_links_bg":"","ocean_menu_social_links_color":"","ocean_menu_social_hover_links_color":"","ocean_disable_title":"on","ocean_disable_heading":"default","ocean_post_title":"","ocean_post_subheading":"","ocean_post_title_style":"","ocean_post_title_background_color":"","ocean_post_title_background":0,"ocean_post_title_bg_image_position":"","ocean_post_title_bg_image_attachment":"","ocean_post_title_bg_image_repeat":"","ocean_post_title_bg_image_size":"","ocean_post_title_height":0,"ocean_post_title_bg_overlay":0.5,"ocean_post_title_bg_overlay_color":"","ocean_disable_breadcrumbs":"default","ocean_breadcrumbs_color":"","ocean_breadcrumbs_separator_color":"","ocean_breadcrumbs_links_color":"","ocean_breadcrumbs_links_hover_color":"","ocean_display_footer_widgets":"off","ocean_display_footer_bottom":"off","ocean_custom_footer_template":"0","footnotes":""},"class_list":["post-3446","page","type-page","status-publish","hentry","entry","owp-thumbs-layout-horizontal","owp-btn-normal","owp-tabs-layout-horizontal","has-no-thumbnails"],"acf":[],"jetpack_sharing_enabled":true,"_links":{"self":[{"href":"https:\/\/sdac.tech\/en\/wp-json\/wp\/v2\/pages\/3446","targetHints":{"allow":["GET"]}}],"collection":[{"href":"https:\/\/sdac.tech\/en\/wp-json\/wp\/v2\/pages"}],"about":[{"href":"https:\/\/sdac.tech\/en\/wp-json\/wp\/v2\/types\/page"}],"author":[{"embeddable":true,"href":"https:\/\/sdac.tech\/en\/wp-json\/wp\/v2\/users\/4"}],"replies":[{"embeddable":true,"href":"https:\/\/sdac.tech\/en\/wp-json\/wp\/v2\/comments?post=3446"}],"version-history":[{"count":63,"href":"https:\/\/sdac.tech\/en\/wp-json\/wp\/v2\/pages\/3446\/revisions"}],"predecessor-version":[{"id":3535,"href":"https:\/\/sdac.tech\/en\/wp-json\/wp\/v2\/pages\/3446\/revisions\/3535"}],"up":[{"embeddable":true,"href":"https:\/\/sdac.tech\/en\/wp-json\/wp\/v2\/pages\/2332"}],"wp:attachment":[{"href":"https:\/\/sdac.tech\/en\/wp-json\/wp\/v2\/media?parent=3446"}],"curies":[{"name":"wp","href":"https:\/\/api.w.org\/{rel}","templated":true}]}}